{"id":8779,"date":"2022-12-16T14:01:46","date_gmt":"2022-12-16T14:01:46","guid":{"rendered":"https:\/\/pampolsarq.com\/politica-de-privacitat\/"},"modified":"2024-03-12T15:16:25","modified_gmt":"2024-03-12T15:16:25","slug":"politica-de-privacitat","status":"publish","type":"page","link":"https:\/\/pampolsarq.com\/ca\/politica-de-privacitat\/","title":{"rendered":"POL\u00cdTICA DE PRIVACITAT"},"content":{"rendered":"\t\t<div data-elementor-type=\"wp-page\" data-elementor-id=\"8779\" class=\"elementor elementor-8779 elementor-6980\" data-elementor-post-type=\"page\">\n\t\t\t\t\t\t<div class=\"elementor-inner\">\n\t\t\t\t<div class=\"elementor-section-wrap\">\n\t\t\t\t\t\t\t\t\t<section class=\"elementor-section elementor-top-section elementor-element elementor-element-3bb2fdc3 elementor-section-boxed elementor-section-height-default elementor-section-height-default\" data-id=\"3bb2fdc3\" data-element_type=\"section\">\n\t\t\t\t\t\t<div class=\"elementor-container elementor-column-gap-default\">\n\t\t\t\t\t\t\t<div class=\"elementor-row\">\n\t\t\t\t\t<div class=\"elementor-column elementor-col-100 elementor-top-column elementor-element elementor-element-16857be8\" data-id=\"16857be8\" data-element_type=\"column\">\n\t\t\t<div class=\"elementor-column-wrap elementor-element-populated\">\n\t\t\t\t\t\t\t<div class=\"elementor-widget-wrap\">\n\t\t\t\t\t\t<div class=\"elementor-element elementor-element-27c1cafc elementor-widget elementor-widget-text-editor\" data-id=\"27c1cafc\" data-element_type=\"widget\" data-widget_type=\"text-editor.default\">\n\t\t\t\t<div class=\"elementor-widget-container\">\n\t\t\t\t\t\t\t\t<div class=\"elementor-text-editor elementor-clearfix\">\n\t\t\t\t<p><\/p>\n<p>PAMPOLS ARQUITECTE SLP (d&#8217;ara endavant PAMPOLS) \u00e9s el Responsable del tractament de les dades personals de l&#8217;Usuari i l&#8217;informa que aquests seran tractats en compliment del que es disposa en el Reglament (UE) 2016\/679 del Parlament Europeu i del Consell, de 27 d&#8217;abril de 2016, (Reglament General de Protecci\u00f3 de Dades o RGPD) i en la Llei org\u00e0nica 3\/2018, de 5 de desembre, Protecci\u00f3 de Dades Personals i Garantia dels Drets Digitals (LOPD GDD).<br \/>\n<br \/>\nDades del Responsable del Tractament i de contacte:<\/p>\n<ul>\n<li>Identitat: PAMPOLS ARQUITECTE SLP<\/li>\n<li>Adre\u00e7a: ALFRED PERENYA, 43 ENTL. 2a 25004 LLEIDA (ESP)<\/li>\n<li>Tel\u00e8fon: +34 973 242 431<\/li>\n<li>E-mail: info@pampolsarq.com<\/li>\n<\/ul>\n<p>\n<strong>FINALITATS DEL TRACTAMENT<\/strong><\/p>\n<p>PAMPOLS\u00a0tractar\u00e0 la informaci\u00f3 que ens proporcionen les persones interessades amb les seg\u00fcents finalitats:<\/p>\n<ul>\n<li>Gestionar la seva atenci\u00f3, visita i reuni\u00f3 en les nostres instal\u00b7lacions, aix\u00ed com la gesti\u00f3 i realitzaci\u00f3 dels serveis \/ productes contractats.<\/li>\n<li>Gestionar qualsevol tipus de sol\u00b7licitud, suggeriment o petici\u00f3 sobre els nostres serveis professionals que ens formulin les persones interessades.<\/li>\n<li>Comunicacions informatives i comercials: tractament de les seves dades amb la finalitat d&#8217;informar-lo sobre activitats, articles d&#8217;inter\u00e8s i informaci\u00f3 general relacionats amb la nostra activitat i els serveis \/ productes contractats.<\/li>\n<li>Gestionar dades aportades pels candidats a un lloc de treball a trav\u00e9s del Curriculum vitae (CV) amb la finalitat de proc\u00e9s de selecci\u00f3 i reclutament.<\/li>\n<li>Per al bon fi i desenvolupament de la seva atenci\u00f3 i gesti\u00f3 de les finalitats anteriors, el titular consent el tractament de les seves dades per als fins anteriors, tot aix\u00f2 sota el m\u00e9s estricte compliment de la normativa de<\/li>\n<li>Protecci\u00f3 de Dades i la pol\u00edtica que li estem detallant. En qualsevol moment podr\u00e0 exercitar els seus drets (veure apartat espec\u00edfic).<\/li>\n<\/ul>\n<p><strong>CRITERIS DE CONSERVACI\u00d3 DE LES DADES<\/strong><\/p>\n<ul><\/p>\n<li>Gesti\u00f3 de serveis \/ productes contractats amb PAMPOLS: les dades de car\u00e0cter personal aportats en els contractes, ofertes i\/o proposta de serveis, aix\u00ed com els de la resta de persones la intervenci\u00f3 de les quals sigui necess\u00e0ria, seran conservats durant el temps que estiguin vigents els serveis contractats. En finalitzar la prestaci\u00f3 del servei\/s contractat\/s, les dades de car\u00e0cter personal seran conservats en els sup\u00f2sits que es poguessin derivar responsabilitats amb PAMPOLS i\/o en compliment d&#8217;altres marcs normatius que li siguin aplicable a PAMPOLS o d&#8217;una norma amb rang de llei que exigeixi a la conservaci\u00f3 d&#8217;aquests. Les dades de car\u00e0cter personal es mantindran de manera que permetin la identificaci\u00f3 i l&#8217;exercici dels Drets dels afectats i, sota les mesures t\u00e8cniques jur\u00eddiques i organitzatives que resultin necess\u00e0ries per a garantir la confidencialitat i integritat d&#8217;aquests.<\/li>\n<li>Gesti\u00f3 Curriculum vitae: PAMPOLS, com a norma, conserva el seu Curriculum vitae pel termini m\u00e0xim d&#8217;un any; concl\u00f2s aquest termini, es procedir\u00e0 autom\u00e0ticament a la seva destrucci\u00f3, en compliment del principi de qualitat de la dada.<\/li>\n<li>Altres: la resta de les dades i informaci\u00f3 aportada per l&#8217;usuari per qualsevol mesurat, seran conservat durant el temps que sigui necessari per a complir la finalitat per a la qual van ser recaptats.<\/li>\n<\/ul>\n<p><strong>LEGITIMACI\u00d3<\/strong><\/p>\n<p>La base legal que habilita a\u00a0PAMPOLS\u00a0per a poder tractar les dades de car\u00e0cter personal dels usuaris, clients, clients potencials en virtut dels seg\u00fcents t\u00edtols:<\/p>\n<ul>\n<li>El consentiment de les persones interessades per a la tramitaci\u00f3 i gesti\u00f3 de qualsevol sol\u00b7licitud d&#8217;informaci\u00f3 o consulta sobre els nostres serveis i productes.<\/li>\n<li>El Consentiment prestat pels Candidats a lloc de treball amb finalitats de selecci\u00f3 i reclutament.<\/li>\n<li>El marc de prestaci\u00f3 i\/o contractaci\u00f3 de serveis \/ productes amb PAMPOLS.<\/li>\n<li>L&#8217;inter\u00e8s leg\u00edtim per a remetre-li comunicacions informatives, comercials i\/o ofertes promocionals relacionades amb l&#8217;activitat de\u00a0PAMPOLS\u00a0i els serveis \/ productes contractats a trav\u00e9s de correu electr\u00f2nic o qualsevol altre mitj\u00e0.<\/li>\n<\/ul>\n<p><strong>DESTINATARIS<\/strong><\/p>\n<p>No se cedeixen dades de car\u00e0cter personal a tercers, excepte disposici\u00f3 legal.<\/p>\n<p><strong>PROCED\u00c8NCIA<\/strong><\/p>\n<p>Les dades de car\u00e0cter personal s&#8217;obtenen directament de les persones interessades i dels nostres col\u00b7laboradors. Les categories de dades de car\u00e0cter personal que ens proporciona els nostres col\u00b7laboradors s\u00f3n les seg\u00fcents:<\/p>\n<ul>\n<li>Dades d&#8217;identificaci\u00f3.<\/li>\n<li>Adreces postals o electr\u00f2niques.<\/li>\n<li>Dades facilitades i\/o consentits pels propis interessats relacionats i necessaris per a la gesti\u00f3 i realitzaci\u00f3 del servei \/ producte sol\u00b7licitat.<\/li>\n<\/ul>\n<p><strong>DRETS<\/strong><\/p>\n<p>Dret d&#8217;Acc\u00e9s, Rectificaci\u00f3 i Supressi\u00f3: les persones interessades tenen dret a obtenir confirmaci\u00f3 sobre si en\u00a0PAMPOLS\u00a0estem tractant dades personals que els concerneixin, o no. Les persones interessades tenen dret a accedir a les seves dades personals, aix\u00ed com a sol\u00b7licitar la rectificaci\u00f3 de les dades inexactes o sol\u00b7licitar la seva supressi\u00f3 quan, entre altres motius, les dades ja no siguin necessaris per als fins que van ser recollits.<\/p>\n<p>Dret a la Limitaci\u00f3 i Oposici\u00f3: en determinades circumst\u00e0ncies, els interessats podran sol\u00b7licitar la limitaci\u00f3 del tractament de les seves dades, i en aquest cas \u00fanicament els conservarem per a l&#8217;exercici o la defensa de reclamacions. En determinades circumst\u00e0ncies i, per motius relacionats amb la seva situaci\u00f3 particular, els interessats podran oposar-se al tractament de les seves dades.<\/p>\n<p>PAMPOLS\u00a0deixar\u00e0 de tractar les dades en aquest sup\u00f2sit, excepte per motius leg\u00edtims imperiosos, o per a l&#8217;exercici o la defensa de possibles reclamacions.<\/p>\n<p><strong>ATENCI\u00d3 I SUPORT<\/strong><\/p>\n<p>Les persones interessades podran comunicar a\u00a0PAMPOLS\u00a0qualsevol dubte sobre el tractament de les seves dades de car\u00e0cter personal o interpretaci\u00f3 de la nostra pol\u00edtica, contactant amb el Responsable de Protecci\u00f3 de Dades (RPD\u00a0\/\u00a0DPD)\u00a0en l&#8217;adre\u00e7a, del mateix indicada a l&#8217;inici de la present pol\u00edtica o directament en el nostre Canal \u00c8tic multinormatiu<\/p>\n<p>( https:\/\/corporate-line.com\/cnormativo-pampols )<\/p>\n\t\t\t\t\t<\/div>\n\t\t\t\t\t\t<\/div>\n\t\t\t\t<\/div>\n\t\t\t\t\t\t<\/div>\n\t\t\t\t\t<\/div>\n\t\t<\/div>\n\t\t\t\t\t\t\t\t<\/div>\n\t\t\t\t\t<\/div>\n\t\t<\/section>\n\t\t\t\t\t\t\t\t\t<\/div>\n\t\t\t<\/div>\n\t\t\t\t\t<\/div>\n\t\t","protected":false},"excerpt":{"rendered":"<p>PAMPOLS ARQUITECTE SLP (d&#8217;ara endavant PAMPOLS) \u00e9s el Responsable del tractament de les dades personals de l&#8217;Usuari i l&#8217;informa que aquests seran tractats en compliment del que es disposa en el Reglament (UE) 2016\/679 del Parlament Europeu i del Consell, [&hellip;]<\/p>\n","protected":false},"author":1,"featured_media":0,"parent":0,"menu_order":0,"comment_status":"closed","ping_status":"closed","template":"","meta":{"_mi_skip_tracking":false,"_monsterinsights_sitenote_active":false,"_monsterinsights_sitenote_note":"","_monsterinsights_sitenote_category":0},"yoast_head":"<!-- This site is optimized with the Yoast SEO plugin v20.11 - https:\/\/yoast.com\/wordpress\/plugins\/seo\/ -->\n<title>POL\u00cdTICA DE PRIVACITAT | Pampols<\/title>\n<meta name=\"robots\" content=\"index, follow, max-snippet:-1, max-image-preview:large, max-video-preview:-1\" \/>\n<link rel=\"canonical\" href=\"https:\/\/pampolsarq.com\/ca\/politica-de-privacitat\/\" \/>\n<meta property=\"og:locale\" content=\"ca_ES\" \/>\n<meta property=\"og:type\" content=\"article\" \/>\n<meta property=\"og:title\" content=\"POL\u00cdTICA DE PRIVACITAT | Pampols\" \/>\n<meta property=\"og:description\" content=\"PAMPOLS ARQUITECTE SLP (d&#8217;ara endavant PAMPOLS) \u00e9s el Responsable del tractament de les dades personals de l&#8217;Usuari i l&#8217;informa que aquests seran tractats en compliment del que es disposa en el Reglament (UE) 2016\/679 del Parlament Europeu i del Consell, [&hellip;]\" \/>\n<meta property=\"og:url\" content=\"https:\/\/pampolsarq.com\/ca\/politica-de-privacitat\/\" \/>\n<meta property=\"og:site_name\" content=\"Pampols\" \/>\n<meta property=\"article:publisher\" content=\"https:\/\/www.facebook.com\/pampolsarq\/\" \/>\n<meta property=\"article:modified_time\" content=\"2024-03-12T15:16:25+00:00\" \/>\n<meta property=\"og:image\" content=\"https:\/\/pampolsarq.com\/wp-content\/uploads\/2020\/07\/Grupo-27@2x.png\" \/>\n\t<meta property=\"og:image:width\" content=\"694\" \/>\n\t<meta property=\"og:image:height\" content=\"513\" \/>\n\t<meta property=\"og:image:type\" content=\"image\/png\" \/>\n<meta name=\"twitter:card\" content=\"summary_large_image\" \/>\n<meta name=\"twitter:label1\" content=\"Temps estimat de lectura\" \/>\n\t<meta name=\"twitter:data1\" content=\"5 minuts\" \/>\n<script type=\"application\/ld+json\" class=\"yoast-schema-graph\">{\"@context\":\"https:\/\/schema.org\",\"@graph\":[{\"@type\":\"WebPage\",\"@id\":\"https:\/\/pampolsarq.com\/ca\/politica-de-privacitat\/\",\"url\":\"https:\/\/pampolsarq.com\/ca\/politica-de-privacitat\/\",\"name\":\"POL\u00cdTICA DE PRIVACITAT | Pampols\",\"isPartOf\":{\"@id\":\"https:\/\/pampolsarq.com\/ca\/#website\"},\"datePublished\":\"2022-12-16T14:01:46+00:00\",\"dateModified\":\"2024-03-12T15:16:25+00:00\",\"breadcrumb\":{\"@id\":\"https:\/\/pampolsarq.com\/ca\/politica-de-privacitat\/#breadcrumb\"},\"inLanguage\":\"ca\",\"potentialAction\":[{\"@type\":\"ReadAction\",\"target\":[\"https:\/\/pampolsarq.com\/ca\/politica-de-privacitat\/\"]}]},{\"@type\":\"BreadcrumbList\",\"@id\":\"https:\/\/pampolsarq.com\/ca\/politica-de-privacitat\/#breadcrumb\",\"itemListElement\":[{\"@type\":\"ListItem\",\"position\":1,\"name\":\"Portada\",\"item\":\"https:\/\/pampolsarq.com\/ca\/\"},{\"@type\":\"ListItem\",\"position\":2,\"name\":\"POL\u00cdTICA DE PRIVACITAT\"}]},{\"@type\":\"WebSite\",\"@id\":\"https:\/\/pampolsarq.com\/ca\/#website\",\"url\":\"https:\/\/pampolsarq.com\/ca\/\",\"name\":\"Pampols Arquitectura\",\"description\":\"Arquitectura\",\"publisher\":{\"@id\":\"https:\/\/pampolsarq.com\/ca\/#organization\"},\"potentialAction\":[{\"@type\":\"SearchAction\",\"target\":{\"@type\":\"EntryPoint\",\"urlTemplate\":\"https:\/\/pampolsarq.com\/ca\/?s={search_term_string}\"},\"query-input\":\"required name=search_term_string\"}],\"inLanguage\":\"ca\"},{\"@type\":\"Organization\",\"@id\":\"https:\/\/pampolsarq.com\/ca\/#organization\",\"name\":\"Pampols Arquitectura\",\"url\":\"https:\/\/pampolsarq.com\/ca\/\",\"logo\":{\"@type\":\"ImageObject\",\"inLanguage\":\"ca\",\"@id\":\"https:\/\/pampolsarq.com\/ca\/#\/schema\/logo\/image\/\",\"url\":\"https:\/\/pampolsarq.com\/wp-content\/uploads\/2020\/07\/Grupo-27@2x.png\",\"contentUrl\":\"https:\/\/pampolsarq.com\/wp-content\/uploads\/2020\/07\/Grupo-27@2x.png\",\"width\":694,\"height\":513,\"caption\":\"Pampols Arquitectura\"},\"image\":{\"@id\":\"https:\/\/pampolsarq.com\/ca\/#\/schema\/logo\/image\/\"},\"sameAs\":[\"https:\/\/www.facebook.com\/pampolsarq\/\"]}]}<\/script>\n<!-- \/ Yoast SEO plugin. -->","yoast_head_json":{"title":"POL\u00cdTICA DE PRIVACITAT | Pampols","robots":{"index":"index","follow":"follow","max-snippet":"max-snippet:-1","max-image-preview":"max-image-preview:large","max-video-preview":"max-video-preview:-1"},"canonical":"https:\/\/pampolsarq.com\/ca\/politica-de-privacitat\/","og_locale":"ca_ES","og_type":"article","og_title":"POL\u00cdTICA DE PRIVACITAT | Pampols","og_description":"PAMPOLS ARQUITECTE SLP (d&#8217;ara endavant PAMPOLS) \u00e9s el Responsable del tractament de les dades personals de l&#8217;Usuari i l&#8217;informa que aquests seran tractats en compliment del que es disposa en el Reglament (UE) 2016\/679 del Parlament Europeu i del Consell, [&hellip;]","og_url":"https:\/\/pampolsarq.com\/ca\/politica-de-privacitat\/","og_site_name":"Pampols","article_publisher":"https:\/\/www.facebook.com\/pampolsarq\/","article_modified_time":"2024-03-12T15:16:25+00:00","og_image":[{"width":694,"height":513,"url":"https:\/\/pampolsarq.com\/wp-content\/uploads\/2020\/07\/Grupo-27@2x.png","type":"image\/png"}],"twitter_card":"summary_large_image","twitter_misc":{"Temps estimat de lectura":"5 minuts"},"schema":{"@context":"https:\/\/schema.org","@graph":[{"@type":"WebPage","@id":"https:\/\/pampolsarq.com\/ca\/politica-de-privacitat\/","url":"https:\/\/pampolsarq.com\/ca\/politica-de-privacitat\/","name":"POL\u00cdTICA DE PRIVACITAT | Pampols","isPartOf":{"@id":"https:\/\/pampolsarq.com\/ca\/#website"},"datePublished":"2022-12-16T14:01:46+00:00","dateModified":"2024-03-12T15:16:25+00:00","breadcrumb":{"@id":"https:\/\/pampolsarq.com\/ca\/politica-de-privacitat\/#breadcrumb"},"inLanguage":"ca","potentialAction":[{"@type":"ReadAction","target":["https:\/\/pampolsarq.com\/ca\/politica-de-privacitat\/"]}]},{"@type":"BreadcrumbList","@id":"https:\/\/pampolsarq.com\/ca\/politica-de-privacitat\/#breadcrumb","itemListElement":[{"@type":"ListItem","position":1,"name":"Portada","item":"https:\/\/pampolsarq.com\/ca\/"},{"@type":"ListItem","position":2,"name":"POL\u00cdTICA DE PRIVACITAT"}]},{"@type":"WebSite","@id":"https:\/\/pampolsarq.com\/ca\/#website","url":"https:\/\/pampolsarq.com\/ca\/","name":"Pampols Arquitectura","description":"Arquitectura","publisher":{"@id":"https:\/\/pampolsarq.com\/ca\/#organization"},"potentialAction":[{"@type":"SearchAction","target":{"@type":"EntryPoint","urlTemplate":"https:\/\/pampolsarq.com\/ca\/?s={search_term_string}"},"query-input":"required name=search_term_string"}],"inLanguage":"ca"},{"@type":"Organization","@id":"https:\/\/pampolsarq.com\/ca\/#organization","name":"Pampols Arquitectura","url":"https:\/\/pampolsarq.com\/ca\/","logo":{"@type":"ImageObject","inLanguage":"ca","@id":"https:\/\/pampolsarq.com\/ca\/#\/schema\/logo\/image\/","url":"https:\/\/pampolsarq.com\/wp-content\/uploads\/2020\/07\/Grupo-27@2x.png","contentUrl":"https:\/\/pampolsarq.com\/wp-content\/uploads\/2020\/07\/Grupo-27@2x.png","width":694,"height":513,"caption":"Pampols Arquitectura"},"image":{"@id":"https:\/\/pampolsarq.com\/ca\/#\/schema\/logo\/image\/"},"sameAs":["https:\/\/www.facebook.com\/pampolsarq\/"]}]}},"_links":{"self":[{"href":"https:\/\/pampolsarq.com\/ca\/wp-json\/wp\/v2\/pages\/8779"}],"collection":[{"href":"https:\/\/pampolsarq.com\/ca\/wp-json\/wp\/v2\/pages"}],"about":[{"href":"https:\/\/pampolsarq.com\/ca\/wp-json\/wp\/v2\/types\/page"}],"author":[{"embeddable":true,"href":"https:\/\/pampolsarq.com\/ca\/wp-json\/wp\/v2\/users\/1"}],"replies":[{"embeddable":true,"href":"https:\/\/pampolsarq.com\/ca\/wp-json\/wp\/v2\/comments?post=8779"}],"version-history":[{"count":9,"href":"https:\/\/pampolsarq.com\/ca\/wp-json\/wp\/v2\/pages\/8779\/revisions"}],"predecessor-version":[{"id":8862,"href":"https:\/\/pampolsarq.com\/ca\/wp-json\/wp\/v2\/pages\/8779\/revisions\/8862"}],"wp:attachment":[{"href":"https:\/\/pampolsarq.com\/ca\/wp-json\/wp\/v2\/media?parent=8779"}],"curies":[{"name":"wp","href":"https:\/\/api.w.org\/{rel}","templated":true}]}}