{"id":8550,"date":"2023-04-20T11:56:57","date_gmt":"2023-04-20T11:56:57","guid":{"rendered":"https:\/\/pampolsarq.com\/politica-de-qualitat\/"},"modified":"2024-02-26T10:14:46","modified_gmt":"2024-02-26T10:14:46","slug":"politica-de-qualitat","status":"publish","type":"page","link":"https:\/\/pampolsarq.com\/ca\/politica-de-qualitat\/","title":{"rendered":"POL\u00cdTICA DE QUALITAT"},"content":{"rendered":"\t\t<div data-elementor-type=\"wp-page\" data-elementor-id=\"8550\" class=\"elementor elementor-8550 elementor-7524\" data-elementor-post-type=\"page\">\n\t\t\t\t\t\t<div class=\"elementor-inner\">\n\t\t\t\t<div class=\"elementor-section-wrap\">\n\t\t\t\t\t\t\t\t\t<section class=\"elementor-section elementor-top-section elementor-element elementor-element-65edb8ca elementor-section-boxed elementor-section-height-default elementor-section-height-default\" data-id=\"65edb8ca\" data-element_type=\"section\">\n\t\t\t\t\t\t<div class=\"elementor-container elementor-column-gap-default\">\n\t\t\t\t\t\t\t<div class=\"elementor-row\">\n\t\t\t\t\t<div class=\"elementor-column elementor-col-100 elementor-top-column elementor-element elementor-element-140bba4f\" data-id=\"140bba4f\" data-element_type=\"column\">\n\t\t\t<div class=\"elementor-column-wrap elementor-element-populated\">\n\t\t\t\t\t\t\t<div class=\"elementor-widget-wrap\">\n\t\t\t\t\t\t<div class=\"elementor-element elementor-element-2c990824 elementor-widget elementor-widget-text-editor\" data-id=\"2c990824\" data-element_type=\"widget\" data-widget_type=\"text-editor.default\">\n\t\t\t\t<div class=\"elementor-widget-container\">\n\t\t\t\t\t\t\t\t<div class=\"elementor-text-editor elementor-clearfix\">\n\t\t\t\t<p><span class=\"hiddenSpellError\">PAMPOLS<\/span>\u00a0ARQUITECTURA \u00e9s una empresa dedicada principalment al disseny i desenvolupament de projectes i a la direcci\u00f3 d&#8217;obra. La visi\u00f3 de l&#8217;empresa \u00e9s la de ser l\u00edders de solucions arquitect\u00f2niques i urban\u00edstiques, mitjan\u00e7ant un servei integral i excel\u00b7lent.\u00a0<span class=\"hiddenGreenError\" style=\"padding-bottom: 2px; background-image: url('..\/..\/..\/..\/..\/images\/squiggle_green.png'); background-repeat: repeat-x; background-position: left bottom; cursor: default; color: #000000; font-family: 'Open Sans', Helvetica, Arial, sans-serif; font-size: 16px; font-style: normal; font-variant-ligatures: normal; font-variant-caps: normal; font-weight: 300; letter-spacing: normal; orphans: 2; text-align: start; text-indent: 0px; text-transform: none; widows: 2; word-spacing: 0px; -webkit-text-stroke-width: 0px; white-space: normal; text-decoration-thickness: initial; text-decoration-style: initial; text-decoration-color: initial;\">Comptant amb<\/span>\u00a0un equip hum\u00e0 multidisciplinari que barreja l&#8217;experi\u00e8ncia i rigor d&#8217;un equip tradicional amb la frescor i aud\u00e0cia que porta el talent\u00a0jove.<\/p>\n<p>L&#8217;opini\u00f3 dels clients \u00e9s el que m\u00e9s ens importa: tenir clients satisfets \u00e9s\u00a0<span class=\"hiddenGreenError\">la major obstinaci\u00f3<\/span>. S\u00f3n escoltats amb atenci\u00f3 i donar resposta a les seves necessitats \u00e9s el nostre repte diari. La seva opini\u00f3 favorable respecte al resultat \u00e9s la millor recompensa.<\/p>\n<p>S&#8217;ofereixen solucions de com\u00fa acord: l&#8217;arquitectura i l&#8217;urbanisme s\u00f3n processos cr\u00edtics en els quals influeixen m\u00faltiples variables: l&#8217;entorn, la llum, els materials, el medi f\u00edsic, etc. Es conjuguen totes elles per a optimitzar i trobar les millors solucions en cada cas.<\/p>\n<p>Ess\u00e8ncia del pirinenc: la nostra vida i el nostre territori aconsegueix zones d&#8217;alta muntanya, especialment en el vessant sud dels Pirineus; en els projectes es plasma aquesta manera d&#8217;entendre la vida, potenciant la llum, els materials aut\u00f2ctons i l&#8217;amplitud de l&#8217;imponent paisatge pirinenc. Ens declarem hereus del llegat d&#8217;aquesta sobrietat revestida de noblesa i honestedat de l&#8217;arquitectura que protegeix la vida del mitj\u00e0.<\/p>\n<p>Servei integral i excel\u00b7lent: No sols s&#8217;ofereix assist\u00e8ncia t\u00e8cnica sin\u00f3 un conjunt de serveis amb un denominador com\u00fa: l&#8217;esperit d&#8217;excel\u00b7l\u00e8ncia que tenen els nostres professionals.<\/p>\n<p>Conscients de la import\u00e0ncia de garantir la qualitat dels seus serveis, d&#8217;una manera sostenible amb el medi ambient, en\u00a0<span class=\"hiddenSpellError\">PAMPOLS<\/span>\u00a0ARQUITECTURA s&#8217;ha decidit establir, implantar i mantenir en el curt termini Sistemes de Gesti\u00f3 Integrats segons les Normes UNE-EN ISO 9001, UNE-EN ISO 14001.<\/p>\n<p>Per a la consecuci\u00f3 d&#8217;aquest prop\u00f2sit, establim els seg\u00fcents principis:<\/p>\n<p>La implicaci\u00f3 i participaci\u00f3 de tot l&#8217;equip, juntament amb els seus representants, en la consecuci\u00f3 d&#8217;aquesta pol\u00edtica.<br \/>\nComplir els requisits legals i reglamentaris establerts, aix\u00ed com uns altres que la mateixa empresa determini.<br \/>\nMillorar la qualitat dels seus serveis, realitzats de manera respectuosa amb el medi ambient, per aconseguir la m\u00e0xima satisfacci\u00f3 dels nostres clients.<br \/>\nGarantir la protecci\u00f3 del medi ambient, inclosa la prevenci\u00f3 de la contaminaci\u00f3 i l&#8217;\u00fas sostenible de recursos.<br \/>\nSensibilitzar a tots els membres de l&#8217;equip, aix\u00ed com als seus clients en la import\u00e0ncia d&#8217;una correcta gesti\u00f3 ambiental en els l\u00edmits associats a la seva activitat.<br \/>\nL&#8217;organitzaci\u00f3 mant\u00e9 el comprom\u00eds per a la consulta i participaci\u00f3 dels treballadors i posa els mitjans necessaris per a dur-lo a terme.<br \/>\n<span class=\"hiddenSpellError\">PAMPOLS<\/span>\u00a0ARQUITECTURA es responsabilitza i adquireix el comprom\u00eds de millorar cont\u00ednuament el seu Sistema de Gesti\u00f3 Integrat de Qualitat, i Medi Ambient, per aix\u00f2, la present pol\u00edtica de qualitat i medi ambient \u00e9s comunicada i entesa pels membres de la nostra organitzaci\u00f3 i revisada peri\u00f2dicament per a la seva cont\u00ednua adequaci\u00f3 segons els objectius establerts.<\/p>\n<p>TITULARITAT DEL LLOC WEB<\/p>\n<p><span class=\"hiddenSpellError\">PAMPOLS<\/span>\u00a0ARQUITECTE S.L.P. en compliment del que s&#8217;estableix en l&#8217;Art. 10 de la Llei 34\/2002, d&#8217;11 de juliol, de Serveis de la Societat de la Informaci\u00f3 i Comer\u00e7 Electr\u00f2nic (LSSI-CE), l&#8217;informem de les dades identificatives relatives al lloc web www.pampolsarq.com<\/p>\n<p>DENOMINACI\u00d3 SOCIAL:\u00a0<span class=\"hiddenSpellError\">PAMPOLS<\/span>\u00a0ARQUITECTE S.L.P.<\/p>\n<p>DOMICILI SOCIAL: C\/ ALFRED\u00a0<span class=\"hiddenSpellError\">PERENYA<\/span>\u00a043 ENTRESOL\u00a0<span class=\"hiddenGrammarError\" style=\"padding-bottom: 2px; background-image: url('..\/..\/..\/..\/..\/images\/squiggle.png'); background-repeat: repeat-x; background-position: left bottom; cursor: default; color: #000000; font-family: 'Open Sans', Helvetica, Arial, sans-serif; font-size: 16px; font-style: normal; font-variant-ligatures: normal; font-variant-caps: normal; font-weight: 300; letter-spacing: normal; orphans: 2; text-align: start; text-indent: 0px; text-transform: none; widows: 2; word-spacing: 0px; -webkit-text-stroke-width: 0px; white-space: normal; text-decoration-thickness: initial; text-decoration-style: initial; text-decoration-color: initial;\">2A<\/span>\u00a0\u2013 25004 LLEIDA<\/p>\n<p>TEL\u00c8FON: +(34) 973 242 431<\/p>\n<p>CIF: B25272188<\/p>\n<p>CORREU ELECTR\u00d2NIC GENERAL: info@pampolsarq.com<\/p>\n<p>DADES D&#8217;INSCRIPCI\u00d3 EN EL REGISTRE MERCANTIL:<\/p>\n<p>DE LLEIDA INSCRIPCI\u00d3 *4a, TOM 65 GENERAL DE SOCIETATS, FOLI 119, FULLA N\u00daMERO L-1.158.<\/p>\n<p>CONDICIONS D&#8217;\u00daS<\/p>\n<p>USUARIS<\/p>\n<p>L&#8217;acc\u00e9s o \u00fas d&#8217;aquest portal de\u00a0<span class=\"hiddenSpellError\">PAMPOLS<\/span>\u00a0ARQUITECTE S.L.P. atribueix la condici\u00f3 d&#8217;USUARI, que accepta, des d&#8217;aquest acc\u00e9s o \u00fas, les Condicions Generals d&#8217;\u00das aqu\u00ed reflectides. Les citades Condicions seran aplicables independentment de les Condicions Generals de Contractaci\u00f3 que si \u00e9s el cas resultin d&#8217;obligat compliment.<\/p>\n<p>\u00daS DE LA WEB<\/p>\n<p>www.pampolsarq.com proporciona l&#8217;acc\u00e9s a multitud d&#8217;informacions, serveis o dades (d&#8217;ara endavant, &#8220;els continguts&#8221;) en Internet pertanyents a\u00a0<span class=\"hiddenSpellError\">PAMPOLS<\/span>\u00a0ARQUITECTE S.L.P. als quals l&#8217;USUARI pugui tenir acc\u00e9s. L&#8217;USUARI assumeix la responsabilitat de l&#8217;\u00fas del portal. Aquesta responsabilitat s&#8217;est\u00e9n al registre que fos necessari per a accedir a determinats serveis o continguts.<\/p>\n<p>En aquest registre l&#8217;USUARI ser\u00e0 responsable d&#8217;aportar informaci\u00f3 vera\u00e7 i l\u00edcita. A conseq\u00fc\u00e8ncia d&#8217;aquest registre, a l&#8217;USUARI se li pot proporcionar una contrasenya de la qual ser\u00e0 responsable,<\/p>\n<p>Comprometent-se a fer un \u00fas diligent i confidencial d&#8217;aquesta. L&#8217;USUARI es compromet a fer un \u00fas adequat dels continguts i serveis (com per exemple serveis de xat, f\u00f2rums de discussi\u00f3 o grups de not\u00edcies) que\u00a0<span class=\"hiddenSpellError\">PAMPOLS<\/span>\u00a0ARQUITECTE S.L.P. ofereix a trav\u00e9s del seu portal i amb car\u00e0cter enunciatiu, per\u00f2 no limitatiu, a no emprar-los per a (i) inc\u00f3rrer en activitats il\u00b7l\u00edcites, il\u00b7legals o contr\u00e0ries a la bona fe i a l&#8217;ordre p\u00fablic; (ii) difondre continguts o propaganda de car\u00e0cter racista, xen\u00f2fob, pornogr\u00e0fic-il\u00b7legal, d&#8217;apologia del terrorisme o atemptatori contra els drets humans; (iii) provocar danys en els sistemes f\u00edsics i l\u00f2gics de\u00a0<span class=\"hiddenSpellError\">PAMPOLS<\/span>\u00a0ARQUITECTE S.L.P. dels seus prove\u00efdors o de terceres persones, introduir o difondre en la xarxa virus inform\u00e0tics o qualssevol altres sistemes f\u00edsics o l\u00f2gics que siguin susceptibles de provocar els danys anteriorment esmentats; (iv) intentar accedir i, si \u00e9s el cas, utilitzar els comptes de correu electr\u00f2nic d&#8217;altres usuaris i modificar-ho manipular els seus missatges.\u00a0<span class=\"hiddenSpellError\">PAMPOLS<\/span>\u00a0ARQUITECTE S.L.P. es reserva el dret de retirar tots aquells comentaris i aportacions que vulnerin el respecte a la dignitat de la persona, que siguin discriminatoris, xen\u00f2fobs, racistes, pornogr\u00e0fics, que atemptin contra la joventut o la inf\u00e0ncia, l&#8217;ordre o la seguretat p\u00fablica o que, al seu judici, no resultessin adequats per a la seva publicaci\u00f3. En qualsevol cas,\u00a0<span class=\"hiddenSpellError\">PAMPOLS<\/span>\u00a0ARQUITECTE S.L.P. no ser\u00e0 responsable de les opinions abocades pels usuaris a trav\u00e9s dels f\u00f2rums, xats, o altres eines de participaci\u00f3.<\/p>\n<p>PROPIETAT INTEL\u00b7LECTUAL I INDUSTRIAL<\/p>\n<p><span class=\"hiddenSpellError\">PAMPOLS<\/span>\u00a0ARQUITECTE S.L.P. per si o com a cession\u00e0ria, \u00e9s titular de tots els drets de propietat intel\u00b7lectual i industrial de la seva p\u00e0gina web, aix\u00ed com dels elements continguts en la mateixa (a t\u00edtol enunciatiu, imatges, so, \u00e0udio, v\u00eddeo, programari o textos; marques o logotips, combinacions de colors, estructura i disseny, selecci\u00f3 de materials usats, programes d&#8217;ordinador necessaris per al seu funcionament, acc\u00e9s i \u00fas, etc.), titularitat de\u00a0<span class=\"hiddenSpellError\">PAMPOLS<\/span>\u00a0ARQUITECTE S.L.P. o b\u00e9 dels seus llicenciadors.<\/p>\n<p>Tots els drets reservats. En virtut del que es disposa en els articles 8 i 32.1, par\u00e0graf segon, de la Llei de Propietat Intel\u00b7lectual, queden expressament prohibides la reproducci\u00f3, la distribuci\u00f3 i la comunicaci\u00f3 p\u00fablica, inclosa la seva modalitat de posada a disposici\u00f3, de la totalitat o part dels continguts d&#8217;aquesta p\u00e0gina web, amb finalitats comercials, en qualsevol suport i per qualsevol mitj\u00e0 t\u00e8cnic, sense l&#8217;autoritzaci\u00f3 de\u00a0<span class=\"hiddenSpellError\">PAMPOLS<\/span>\u00a0ARQUITECTE S.L.P. L&#8217;USUARI es compromet a respectar els drets de Propietat Intel\u00b7lectual i Industrial titularitat de\u00a0<span class=\"hiddenSpellError\">PAMPOLS<\/span>\u00a0ARQUITECTE S.L.P. Podr\u00e0 visualitzar els elements del portal i fins i tot imprimir-los, copiar-los i emmagatzemar-los en el disc dur del seu ordinador o en qualsevol altre suport f\u00edsic sempre que sigui, exclusivament, per al seu \u00fas personal i privat. L&#8217;USUARI haur\u00e0 d&#8217;abstenir-se de suprimir, alterar, eludir o manipular qualsevol dispositiu de protecci\u00f3 o sistema de seguretat que estigu\u00e9s instal\u00b7lat en les p\u00e0gines de\u00a0<span class=\"hiddenSpellError\">PAMPOLS<\/span>\u00a0ARQUITECTE S.L.P.<\/p>\n<p>EXCLUSI\u00d3 DE GARANTIES I RESPONSABILITAT<\/p>\n<p><span class=\"hiddenSpellError\">PAMPOLS<\/span>\u00a0ARQUITECTE S.L.P. declara que ha adoptat les mesures necess\u00e0ries que, dins de les seves possibilitats i l&#8217;estat de la tecnologia, permetin el correcte funcionament del seu lloc web aix\u00ed com l&#8217;abs\u00e8ncia de virus i components nocius. No obstant aix\u00f2,\u00a0<span class=\"hiddenSpellError\">PAMPOLS<\/span>\u00a0ARQUITECTE S.L.P. no pot fer-se responsable de les seg\u00fcents situacions que s&#8217;enumeren a t\u00edtol enunciatiu, per\u00f2 no limitatiu:<\/p>\n<p>La continu\u00eftat i disponibilitat dels Continguts.<br \/>\nL&#8217;abs\u00e8ncia d&#8217;errors en aquests Continguts ni la correcci\u00f3 de qualsevol defecte que pogu\u00e9s oc\u00f3rrer.<br \/>\nL&#8217;abs\u00e8ncia de virus o altres components nocius.<br \/>\nEls danys o perjudicis que causi qualsevol persona que vulneri els sistemes de seguretat de\u00a0<span class=\"hiddenSpellError\" style=\"padding-bottom: 2px; background-image: url('..\/..\/..\/..\/..\/images\/squiggle_red.png'); background-repeat: repeat-x; background-position: left bottom; cursor: default; color: #000000; font-family: 'Open Sans', Helvetica, Arial, sans-serif; font-size: 16px; font-style: normal; font-variant-ligatures: normal; font-variant-caps: normal; font-weight: 300; letter-spacing: normal; orphans: 2; text-align: start; text-indent: 0px; text-transform: none; widows: 2; word-spacing: 0px; -webkit-text-stroke-width: 0px; white-space: normal; text-decoration-thickness: initial; text-decoration-style: initial; text-decoration-color: initial;\">PAMPOLS<\/span>\u00a0ARQUITECTE S.L.P.<br \/>\nL&#8217;\u00fas que els usuaris puguin fer dels continguts inclosos en el web.<br \/>\nEn conseq\u00fc\u00e8ncia,\u00a0<span class=\"hiddenSpellError\">PAMPOLS<\/span>\u00a0ARQUITECTE S.L.P. no garanteix que l&#8217;\u00fas que els usuaris puguin fer dels continguts que si \u00e9s el cas s&#8217;<span class=\"hiddenGreenError\" style=\"padding-bottom: 2px; background-image: url('..\/..\/..\/..\/..\/images\/squiggle_green.png'); background-repeat: repeat-x; background-position: left bottom; cursor: default; color: #000000; font-family: 'Open Sans', Helvetica, Arial, sans-serif; font-size: 16px; font-style: normal; font-variant-ligatures: normal; font-variant-caps: normal; font-weight: 300; letter-spacing: normal; orphans: 2; text-align: start; text-indent: 0px; text-transform: none; widows: 2; word-spacing: 0px; -webkit-text-stroke-width: 0px; white-space: normal; text-decoration-thickness: initial; text-decoration-style: initial; text-decoration-color: initial;\">incloguin<\/span>\u00a0en el lloc web, s&#8217;ajustin al present av\u00eds legal, ni que l&#8217;\u00fas del lloc web es realitzi de manera diligent.<\/p>\n<p>L&#8217;\u00fas per menors d&#8217;edat del lloc web o de l&#8217;enviament de les seves dades personals sense el perm\u00eds dels seus tutors, sent els tutors responsables de l&#8217;\u00fas que facin d&#8217;Internet.<\/p>\n\t\t\t\t\t<\/div>\n\t\t\t\t\t\t<\/div>\n\t\t\t\t<\/div>\n\t\t\t\t\t\t<\/div>\n\t\t\t\t\t<\/div>\n\t\t<\/div>\n\t\t\t\t\t\t\t\t<\/div>\n\t\t\t\t\t<\/div>\n\t\t<\/section>\n\t\t\t\t\t\t\t\t\t<\/div>\n\t\t\t<\/div>\n\t\t\t\t\t<\/div>\n\t\t","protected":false},"excerpt":{"rendered":"<p>PAMPOLS\u00a0ARQUITECTURA \u00e9s una empresa dedicada principalment al disseny i desenvolupament de projectes i a la direcci\u00f3 d&#8217;obra. La visi\u00f3 de l&#8217;empresa \u00e9s la de ser l\u00edders de solucions arquitect\u00f2niques i urban\u00edstiques, mitjan\u00e7ant un servei integral i excel\u00b7lent.\u00a0Comptant amb\u00a0un equip hum\u00e0 [&hellip;]<\/p>\n","protected":false},"author":1,"featured_media":0,"parent":0,"menu_order":0,"comment_status":"closed","ping_status":"closed","template":"elementor_header_footer","meta":{"_mi_skip_tracking":false,"_monsterinsights_sitenote_active":false,"_monsterinsights_sitenote_note":"","_monsterinsights_sitenote_category":0},"yoast_head":"<!-- This site is optimized with the Yoast SEO plugin v20.11 - https:\/\/yoast.com\/wordpress\/plugins\/seo\/ -->\n<title>POL\u00cdTICA DE QUALITAT | Pampols<\/title>\n<meta name=\"robots\" content=\"index, follow, max-snippet:-1, max-image-preview:large, max-video-preview:-1\" \/>\n<link rel=\"canonical\" href=\"https:\/\/pampolsarq.com\/ca\/politica-de-qualitat\/\" \/>\n<meta property=\"og:locale\" content=\"ca_ES\" \/>\n<meta property=\"og:type\" content=\"article\" \/>\n<meta property=\"og:title\" content=\"POL\u00cdTICA DE QUALITAT | Pampols\" \/>\n<meta property=\"og:description\" content=\"PAMPOLS\u00a0ARQUITECTURA \u00e9s una empresa dedicada principalment al disseny i desenvolupament de projectes i a la direcci\u00f3 d&#8217;obra. La visi\u00f3 de l&#8217;empresa \u00e9s la de ser l\u00edders de solucions arquitect\u00f2niques i urban\u00edstiques, mitjan\u00e7ant un servei integral i excel\u00b7lent.\u00a0Comptant amb\u00a0un equip hum\u00e0 [&hellip;]\" \/>\n<meta property=\"og:url\" content=\"https:\/\/pampolsarq.com\/ca\/politica-de-qualitat\/\" \/>\n<meta property=\"og:site_name\" content=\"Pampols\" \/>\n<meta property=\"article:publisher\" content=\"https:\/\/www.facebook.com\/pampolsarq\/\" \/>\n<meta property=\"article:modified_time\" content=\"2024-02-26T10:14:46+00:00\" \/>\n<meta property=\"og:image\" content=\"https:\/\/pampolsarq.com\/wp-content\/uploads\/2020\/07\/Grupo-27@2x.png\" \/>\n\t<meta property=\"og:image:width\" content=\"694\" \/>\n\t<meta property=\"og:image:height\" content=\"513\" \/>\n\t<meta property=\"og:image:type\" content=\"image\/png\" \/>\n<meta name=\"twitter:card\" content=\"summary_large_image\" \/>\n<meta name=\"twitter:label1\" content=\"Temps estimat de lectura\" \/>\n\t<meta name=\"twitter:data1\" content=\"7 minuts\" \/>\n<script type=\"application\/ld+json\" class=\"yoast-schema-graph\">{\"@context\":\"https:\/\/schema.org\",\"@graph\":[{\"@type\":\"WebPage\",\"@id\":\"https:\/\/pampolsarq.com\/ca\/politica-de-qualitat\/\",\"url\":\"https:\/\/pampolsarq.com\/ca\/politica-de-qualitat\/\",\"name\":\"POL\u00cdTICA DE QUALITAT | Pampols\",\"isPartOf\":{\"@id\":\"https:\/\/pampolsarq.com\/ca\/#website\"},\"datePublished\":\"2023-04-20T11:56:57+00:00\",\"dateModified\":\"2024-02-26T10:14:46+00:00\",\"breadcrumb\":{\"@id\":\"https:\/\/pampolsarq.com\/ca\/politica-de-qualitat\/#breadcrumb\"},\"inLanguage\":\"ca\",\"potentialAction\":[{\"@type\":\"ReadAction\",\"target\":[\"https:\/\/pampolsarq.com\/ca\/politica-de-qualitat\/\"]}]},{\"@type\":\"BreadcrumbList\",\"@id\":\"https:\/\/pampolsarq.com\/ca\/politica-de-qualitat\/#breadcrumb\",\"itemListElement\":[{\"@type\":\"ListItem\",\"position\":1,\"name\":\"Portada\",\"item\":\"https:\/\/pampolsarq.com\/ca\/\"},{\"@type\":\"ListItem\",\"position\":2,\"name\":\"POL\u00cdTICA DE QUALITAT\"}]},{\"@type\":\"WebSite\",\"@id\":\"https:\/\/pampolsarq.com\/ca\/#website\",\"url\":\"https:\/\/pampolsarq.com\/ca\/\",\"name\":\"Pampols Arquitectura\",\"description\":\"Arquitectura\",\"publisher\":{\"@id\":\"https:\/\/pampolsarq.com\/ca\/#organization\"},\"potentialAction\":[{\"@type\":\"SearchAction\",\"target\":{\"@type\":\"EntryPoint\",\"urlTemplate\":\"https:\/\/pampolsarq.com\/ca\/?s={search_term_string}\"},\"query-input\":\"required name=search_term_string\"}],\"inLanguage\":\"ca\"},{\"@type\":\"Organization\",\"@id\":\"https:\/\/pampolsarq.com\/ca\/#organization\",\"name\":\"Pampols Arquitectura\",\"url\":\"https:\/\/pampolsarq.com\/ca\/\",\"logo\":{\"@type\":\"ImageObject\",\"inLanguage\":\"ca\",\"@id\":\"https:\/\/pampolsarq.com\/ca\/#\/schema\/logo\/image\/\",\"url\":\"https:\/\/pampolsarq.com\/wp-content\/uploads\/2020\/07\/Grupo-27@2x.png\",\"contentUrl\":\"https:\/\/pampolsarq.com\/wp-content\/uploads\/2020\/07\/Grupo-27@2x.png\",\"width\":694,\"height\":513,\"caption\":\"Pampols Arquitectura\"},\"image\":{\"@id\":\"https:\/\/pampolsarq.com\/ca\/#\/schema\/logo\/image\/\"},\"sameAs\":[\"https:\/\/www.facebook.com\/pampolsarq\/\"]}]}<\/script>\n<!-- \/ Yoast SEO plugin. -->","yoast_head_json":{"title":"POL\u00cdTICA DE QUALITAT | Pampols","robots":{"index":"index","follow":"follow","max-snippet":"max-snippet:-1","max-image-preview":"max-image-preview:large","max-video-preview":"max-video-preview:-1"},"canonical":"https:\/\/pampolsarq.com\/ca\/politica-de-qualitat\/","og_locale":"ca_ES","og_type":"article","og_title":"POL\u00cdTICA DE QUALITAT | Pampols","og_description":"PAMPOLS\u00a0ARQUITECTURA \u00e9s una empresa dedicada principalment al disseny i desenvolupament de projectes i a la direcci\u00f3 d&#8217;obra. La visi\u00f3 de l&#8217;empresa \u00e9s la de ser l\u00edders de solucions arquitect\u00f2niques i urban\u00edstiques, mitjan\u00e7ant un servei integral i excel\u00b7lent.\u00a0Comptant amb\u00a0un equip hum\u00e0 [&hellip;]","og_url":"https:\/\/pampolsarq.com\/ca\/politica-de-qualitat\/","og_site_name":"Pampols","article_publisher":"https:\/\/www.facebook.com\/pampolsarq\/","article_modified_time":"2024-02-26T10:14:46+00:00","og_image":[{"width":694,"height":513,"url":"https:\/\/pampolsarq.com\/wp-content\/uploads\/2020\/07\/Grupo-27@2x.png","type":"image\/png"}],"twitter_card":"summary_large_image","twitter_misc":{"Temps estimat de lectura":"7 minuts"},"schema":{"@context":"https:\/\/schema.org","@graph":[{"@type":"WebPage","@id":"https:\/\/pampolsarq.com\/ca\/politica-de-qualitat\/","url":"https:\/\/pampolsarq.com\/ca\/politica-de-qualitat\/","name":"POL\u00cdTICA DE QUALITAT | Pampols","isPartOf":{"@id":"https:\/\/pampolsarq.com\/ca\/#website"},"datePublished":"2023-04-20T11:56:57+00:00","dateModified":"2024-02-26T10:14:46+00:00","breadcrumb":{"@id":"https:\/\/pampolsarq.com\/ca\/politica-de-qualitat\/#breadcrumb"},"inLanguage":"ca","potentialAction":[{"@type":"ReadAction","target":["https:\/\/pampolsarq.com\/ca\/politica-de-qualitat\/"]}]},{"@type":"BreadcrumbList","@id":"https:\/\/pampolsarq.com\/ca\/politica-de-qualitat\/#breadcrumb","itemListElement":[{"@type":"ListItem","position":1,"name":"Portada","item":"https:\/\/pampolsarq.com\/ca\/"},{"@type":"ListItem","position":2,"name":"POL\u00cdTICA DE QUALITAT"}]},{"@type":"WebSite","@id":"https:\/\/pampolsarq.com\/ca\/#website","url":"https:\/\/pampolsarq.com\/ca\/","name":"Pampols Arquitectura","description":"Arquitectura","publisher":{"@id":"https:\/\/pampolsarq.com\/ca\/#organization"},"potentialAction":[{"@type":"SearchAction","target":{"@type":"EntryPoint","urlTemplate":"https:\/\/pampolsarq.com\/ca\/?s={search_term_string}"},"query-input":"required name=search_term_string"}],"inLanguage":"ca"},{"@type":"Organization","@id":"https:\/\/pampolsarq.com\/ca\/#organization","name":"Pampols Arquitectura","url":"https:\/\/pampolsarq.com\/ca\/","logo":{"@type":"ImageObject","inLanguage":"ca","@id":"https:\/\/pampolsarq.com\/ca\/#\/schema\/logo\/image\/","url":"https:\/\/pampolsarq.com\/wp-content\/uploads\/2020\/07\/Grupo-27@2x.png","contentUrl":"https:\/\/pampolsarq.com\/wp-content\/uploads\/2020\/07\/Grupo-27@2x.png","width":694,"height":513,"caption":"Pampols Arquitectura"},"image":{"@id":"https:\/\/pampolsarq.com\/ca\/#\/schema\/logo\/image\/"},"sameAs":["https:\/\/www.facebook.com\/pampolsarq\/"]}]}},"_links":{"self":[{"href":"https:\/\/pampolsarq.com\/ca\/wp-json\/wp\/v2\/pages\/8550"}],"collection":[{"href":"https:\/\/pampolsarq.com\/ca\/wp-json\/wp\/v2\/pages"}],"about":[{"href":"https:\/\/pampolsarq.com\/ca\/wp-json\/wp\/v2\/types\/page"}],"author":[{"embeddable":true,"href":"https:\/\/pampolsarq.com\/ca\/wp-json\/wp\/v2\/users\/1"}],"replies":[{"embeddable":true,"href":"https:\/\/pampolsarq.com\/ca\/wp-json\/wp\/v2\/comments?post=8550"}],"version-history":[{"count":3,"href":"https:\/\/pampolsarq.com\/ca\/wp-json\/wp\/v2\/pages\/8550\/revisions"}],"predecessor-version":[{"id":8553,"href":"https:\/\/pampolsarq.com\/ca\/wp-json\/wp\/v2\/pages\/8550\/revisions\/8553"}],"wp:attachment":[{"href":"https:\/\/pampolsarq.com\/ca\/wp-json\/wp\/v2\/media?parent=8550"}],"curies":[{"name":"wp","href":"https:\/\/api.w.org\/{rel}","templated":true}]}}